{"id":2697,"date":"2025-05-02T01:00:06","date_gmt":"2025-05-02T04:00:06","guid":{"rendered":"https:\/\/etalblog.com\/?page_id=2697"},"modified":"2026-03-11T00:49:25","modified_gmt":"2026-03-11T03:49:25","slug":"proyecto","status":"publish","type":"page","link":"https:\/\/etalblog.com\/en\/proyecto\/","title":{"rendered":"Project"},"content":{"rendered":"<div class=\"wp-block-uagb-container uagb-block-722f28bc alignwide uagb-is-root-container\">\n<div class=\"wp-block-uagb-advanced-heading uagb-block-08a742a8\"><h1 class=\"uagb-heading-text\"><strong>Project<\/strong><\/h1><\/div>\n<\/div>\n\n\n\n<div class=\"wp-block-uagb-container uagb-block-f8ec2bd3 alignfull uagb-is-root-container\">\n<div class=\"wp-block-uagb-separator uagb-block-214d0f0a\"><div class=\"uagb-separator-spacing-wrapper\"><div class=\"wp-block-uagb-separator__inner\" style=\"--my-background-image:\"><\/div><\/div><\/div>\n\n\n\n<div class=\"wp-block-uagb-advanced-heading uagb-block-e874992d\"><h2 class=\"uagb-heading-text\">This is not just a trip, <strong>et al blog<\/strong> is a space for scientific communication and conservation with social impact, shared in an open and collaborative manner, in the style of <em>et al.<\/em><\/h2><\/div>\n\n\n\n<div class=\"wp-block-uagb-separator uagb-block-a000df6e\"><div class=\"uagb-separator-spacing-wrapper\"><div class=\"wp-block-uagb-separator__inner\" style=\"--my-background-image:\"><\/div><\/div><\/div>\n\n\n\n<div class=\"wp-block-uagb-image aligncenter uagb-block-2d710799 wp-block-uagb-image--layout-default wp-block-uagb-image--effect-static wp-block-uagb-image--align-center\"><figure class=\"wp-block-uagb-image__figure\"><img decoding=\"async\" srcset=\"https:\/\/etalblog.com\/wp-content\/uploads\/2025\/07\/4en1-1024x168.jpeg ,https:\/\/etalblog.com\/wp-content\/uploads\/2025\/07\/4en1-scaled.jpeg 780w, https:\/\/etalblog.com\/wp-content\/uploads\/2025\/07\/4en1-scaled.jpeg 360w\" sizes=\"auto, (max-width: 480px) 150px\" src=\"https:\/\/etalblog.com\/wp-content\/uploads\/2025\/07\/4en1-1024x168.jpeg\" alt=\"\" class=\"uag-image-5293\" width=\"1600\" height=\"250\" title=\"4en1\" loading=\"lazy\" role=\"img\"\/><\/figure><\/div>\n<\/div>\n\n\n\n<div class=\"wp-block-uagb-separator uagb-block-6a694958\"><div class=\"wp-block-uagb-separator__inner\" style=\"--my-background-image:\"><\/div><\/div>\n\n\n\n<div class=\"wp-block-uagb-container uagb-block-2fd499f0 alignfull uagb-is-root-container\"><div class=\"uagb-container-inner-blocks-wrap\">\n<div class=\"wp-block-uagb-advanced-heading uagb-block-5cb8bd34\"><h3 class=\"uagb-heading-text\"><strong>But... what does that mean&nbsp;<em>et al<\/em> ?<\/strong><\/h3><\/div>\n\n\n\n<div class=\"wp-block-uagb-advanced-heading uagb-block-18e26669\"><h3 class=\"uagb-heading-text\">Find out more here \ud83d\udc49<\/h3><\/div>\n\n\n\n<div class=\"wp-block-uagb-buttons uagb-buttons__outer-wrap uagb-btn__default-btn uagb-btn-tablet__default-btn uagb-btn-mobile__default-btn uagb-block-a3dc43ce\"><div class=\"uagb-buttons__wrap uagb-buttons-layout-wrap\">\n<div class=\"wp-block-uagb-buttons-child uagb-buttons__outer-wrap uagb-block-60156d77 wp-block-button\"><div class=\"uagb-button__wrapper\"><a class=\"uagb-buttons-repeater wp-block-button__link\" aria-label=\"\" href=\"https:\/\/etalblog.com\/en\/proyecto\/etal\/\" rel=\"follow noopener\" target=\"_blank\" role=\"button\"><div class=\"uagb-button__link\">et al?<\/div><\/a><\/div><\/div>\n<\/div><\/div>\n<\/div><\/div>\n\n\n\n<div class=\"wp-block-uagb-separator uagb-block-beee1685\"><div class=\"uagb-separator-spacing-wrapper\"><div class=\"wp-block-uagb-separator__inner\" style=\"--my-background-image:\"><\/div><\/div><\/div>\n\n\n\n<div class=\"wp-block-uagb-container uagb-block-72514f6d alignfull uagb-is-root-container\"><div class=\"uagb-container-inner-blocks-wrap\">\n<div class=\"wp-block-uagb-advanced-heading uagb-block-b317ae0b\"><h3 class=\"uagb-heading-text\"><strong>What do we show?<\/strong><\/h3><p class=\"uagb-desc-text\">We take science and conservation beyond academia, connecting daily life with the environmental challenges of the world. We focus on ecology and conservation, exploring different places and highlighting the importance of their ecosystems, species, and the interactions that sustain them.<\/p><\/div>\n\n\n\n<div class=\"wp-block-uagb-advanced-heading uagb-block-3b00767d\"><h3 class=\"uagb-heading-text\"><strong>This is not just theory...<\/strong><\/h3><p class=\"uagb-desc-text\">Throughout our expedition, we show you how scientific research is key to understanding and addressing environmental and social crises. From wildlife trafficking and climate change to the restoration of degraded habitats. Each story reflects the real impact of science on our planet.<\/p><\/div>\n<\/div><\/div>\n\n\n\n<div class=\"wp-block-uagb-container uagb-block-61cf495a default uagb-is-root-container\">\n<div class=\"wp-block-uagb-container uagb-block-4b91242e\">\n<p class=\"has-text-align-center\" style=\"padding-top:0;padding-right:0;padding-bottom:0;padding-left:0\">\ud83d\udc47 For more information\ud83d\udc47<\/p>\n\n\n\n<div class=\"wp-block-uagb-buttons uagb-buttons__outer-wrap uagb-btn__default-btn uagb-btn-tablet__default-btn uagb-btn-mobile__default-btn uagb-block-f08bbea3\"><div class=\"uagb-buttons__wrap uagb-buttons-layout-wrap\">\n<div class=\"wp-block-uagb-buttons-child uagb-buttons__outer-wrap uagb-block-0ad60219 wp-block-button\"><div class=\"uagb-button__wrapper\"><a class=\"uagb-buttons-repeater wp-block-button__link\" aria-label=\"\" href=\"https:\/\/etalblog.com\/en\/proyecto\/\" rel=\"follow noopener\" target=\"_blank\" role=\"button\"><div class=\"uagb-button__link\">Travelling science<\/div><\/a><\/div><\/div>\n\n\n\n<div class=\"wp-block-uagb-buttons-child uagb-buttons__outer-wrap uagb-block-1494d582 wp-block-button\"><div class=\"uagb-button__wrapper\"><a class=\"uagb-buttons-repeater wp-block-button__link\" aria-label=\"\" href=\"https:\/\/etalblog.com\/en\/ciencia-viajera\/buitres\/\" rel=\"follow noopener\" target=\"_self\" role=\"button\"><div class=\"uagb-button__link\">Vulture Survey<\/div><\/a><\/div><\/div>\n<\/div><\/div>\n<\/div>\n<\/div>\n\n\n\n<div class=\"wp-block-uagb-separator uagb-block-0f5c3eae\"><div class=\"uagb-separator-spacing-wrapper\"><div class=\"wp-block-uagb-separator__inner\" style=\"--my-background-image:\"><\/div><\/div><\/div>\n\n\n\n<div class=\"wp-block-uagb-advanced-heading uagb-block-880c739d\"><h2 class=\"uagb-heading-text\"><strong>The expedition: from academia to the world<\/strong><\/h2><\/div>\n\n\n\n<div class=\"wp-block-uagb-container uagb-block-dc98be10 default uagb-is-root-container\">\n<div class=\"wp-block-uagb-container uagb-block-e2eb47c7\">\n<div class=\"wp-block-uagb-image aligncenter uagb-block-12dd1dc0 wp-block-uagb-image--layout-default wp-block-uagb-image--effect-static wp-block-uagb-image--align-center\"><figure class=\"wp-block-uagb-image__figure\"><img decoding=\"async\" srcset=\"https:\/\/etalblog.com\/wp-content\/uploads\/2025\/07\/1000043125-copy-819x1024.jpeg ,https:\/\/etalblog.com\/wp-content\/uploads\/2025\/07\/1000043125-copy.jpeg 780w, https:\/\/etalblog.com\/wp-content\/uploads\/2025\/07\/1000043125-copy.jpeg 360w\" sizes=\"auto, (max-width: 480px) 150px\" src=\"https:\/\/etalblog.com\/wp-content\/uploads\/2025\/07\/1000043125-copy-819x1024.jpeg\" alt=\"\" class=\"uag-image-5406\" width=\"360\" height=\"436\" title=\"\" loading=\"lazy\" role=\"presentation\"\/><\/figure><\/div>\n<\/div>\n\n\n\n<div class=\"wp-block-uagb-container uagb-block-471d3bff\">\n<p class=\"has-text-align-center\" style=\"margin-top:0;margin-right:0;margin-bottom:0;margin-left:0\">We finished our postdoctoral studies in <strong>2025<\/strong> and now what? Well, what if we shake things up again and set off on a one-of-a-kind journey? \u2026 Yes, absolutely!!! As always, with the whole family closely together \ud83d\udc71\u200d\u2640\ufe0f\ud83d\udc71\u200d\u2642\ufe0f\ud83d\ude3b<\/p>\n\n\n\n<p class=\"has-text-align-center\" style=\"margin-top:0;margin-right:0;margin-bottom:0;margin-left:0\">We plan to travel across the Americas on board <strong>Etalis<\/strong> to explore the region that is home to the <strong>40% of global biodiversity<\/strong>. More than just a simple journey, this is a scientific and narrative expedition, where every kilometer will be an opportunity to learn, share, and connect with nature and the people who inhabit it.<\/p>\n\n\n\n<p class=\"has-text-align-center\" style=\"padding-right:0;padding-left:0\">What began as a personal decision \u2014returning to Argentina by land instead of flying back after our postdoctoral studies in the USA\u2014 became an opportunity to demonstrate that science is not just for scientists. We want to break down barriers and bring knowledge to everyone, showing that anyone can be part of biodiversity conservation and research. The passion, challenges, and impact of science belong to us all, and by working together we can build a better future.<\/p>\n<\/div>\n\n\n\n<div class=\"wp-block-uagb-container uagb-block-1f4ea9d0\">\n<div class=\"wp-block-uagb-image aligncenter uagb-block-50e62b56 wp-block-uagb-image--layout-default wp-block-uagb-image--effect-static wp-block-uagb-image--align-center\"><figure class=\"wp-block-uagb-image__figure\"><img loading=\"lazy\" decoding=\"async\" srcset=\"https:\/\/etalblog.com\/wp-content\/uploads\/2025\/07\/20230414_102814-768x1024.jpg ,https:\/\/etalblog.com\/wp-content\/uploads\/2025\/07\/20230414_102814-scaled.jpg 780w, https:\/\/etalblog.com\/wp-content\/uploads\/2025\/07\/20230414_102814-scaled.jpg 360w\" sizes=\"auto, (max-width: 480px) 150px\" src=\"https:\/\/etalblog.com\/wp-content\/uploads\/2025\/07\/20230414_102814-768x1024.jpg\" alt=\"\" class=\"uag-image-5392\" width=\"590\" height=\"436\" title=\"20230414_102814\" role=\"img\"\/><\/figure><\/div>\n<\/div>\n<\/div>\n\n\n\n<div class=\"wp-block-uagb-separator uagb-block-f76e8683\"><div class=\"uagb-separator-spacing-wrapper\"><div class=\"wp-block-uagb-separator__inner\" style=\"--my-background-image:\"><\/div><\/div><\/div>\n\n\n\n<div class=\"wp-block-uagb-container uagb-block-61e8ac2a alignfull uagb-is-root-container\"><div class=\"uagb-container-inner-blocks-wrap\">\n<div class=\"wp-block-uagb-info-box uagb-block-54aaf525 uagb-infobox__content-wrap  uagb-infobox-icon-below-title uagb-infobox-image-valign-top\"><div class=\"uagb-ifb-content\"><div class=\"uagb-ifb-title-wrap\"><h4 class=\"uagb-ifb-title\"><strong>\u201cLife is not just about work, you have to leave a good chapter for the madness that each one has\u201d<\/strong><\/h4><\/div><p class=\"uagb-ifb-desc\">(Pepe Mujica)<\/p><\/div><\/div>\n\n\n\n<p class=\"has-text-align-center has-white-color has-ast-global-color-8-background-color has-text-color has-background has-link-color has-medium-font-size wp-elements-de96ecac940687bd5e345418c0aeb553\"><strong>But... what if the madness is traveling while doing science? Maybe that's how it works...<\/strong><\/p>\n<\/div><\/div>\n\n\n\n<div class=\"wp-block-uagb-separator uagb-block-ef48cd84\"><div class=\"uagb-separator-spacing-wrapper\"><div class=\"wp-block-uagb-separator__inner\" style=\"--my-background-image:\"><\/div><\/div><\/div>\n\n\n\n<div class=\"wp-block-uagb-container uagb-block-2eca83ab alignfull uagb-is-root-container\"><div class=\"uagb-container__video-wrap\"><video autoplay loop muted playsinline><source src=\"https:\/\/etalblog.com\/wp-content\/uploads\/2025\/05\/video-fondo-incio-final-1.mp4\" type=\"video\/mp4\"\/><\/video><\/div><div class=\"uagb-container-inner-blocks-wrap\"><\/div><\/div>\n\n\n\n<p class=\"has-text-align-center\" style=\"padding-top:var(--wp--preset--spacing--40);padding-right:var(--wp--preset--spacing--20);padding-bottom:var(--wp--preset--spacing--40);padding-left:var(--wp--preset--spacing--20)\">\ud83d\udc47 Clik here \ud83d\udc47<\/p>\n\n\n\n<div class=\"wp-block-uagb-container uagb-block-459709c3 default uagb-is-root-container\">\n<div class=\"wp-block-uagb-container uagb-block-74914137\">\n<div class=\"wp-block-uagb-buttons uagb-buttons__outer-wrap uagb-btn__default-btn uagb-btn-tablet__default-btn uagb-btn-mobile__default-btn uagb-block-17e26da2\"><div class=\"uagb-buttons__wrap uagb-buttons-layout-wrap\">\n<div class=\"wp-block-uagb-buttons-child uagb-buttons__outer-wrap uagb-block-c5951f10 wp-block-button\"><div class=\"uagb-button__wrapper\"><a class=\"uagb-buttons-repeater wp-block-button__link\" aria-label=\"\" href=\"https:\/\/www.youtube.com\/@etalblog\" rel=\"follow noopener\" target=\"_blank\" role=\"button\"><div class=\"uagb-button__link\">\u00daltimas novedades del viaje<\/div><\/a><\/div><\/div>\n<\/div><\/div>\n<\/div>\n<\/div>\n\n\n\n<div class=\"wp-block-uagb-separator uagb-block-1fe67bdd\"><div class=\"wp-block-uagb-separator__inner\" style=\"--my-background-image:\"><\/div><\/div>","protected":false},"excerpt":{"rendered":"<p>Proyecto Este no es solo un viaje, et al blog es un espacio para la comunicaci\u00f3n cient\u00edfica y la conservaci\u00f3n con impacto social, compartido de manera abierta y colaborativa, al estilo et al. Pero\u2026 \u00bfqu\u00e9 significa&nbsp;et al ? Enterate m\u00e1s aqu\u00ed \ud83d\udc49 \u00bfQu\u00e9 mostramos? Llevamos la ciencia y la conservaci\u00f3n m\u00e1s all\u00e1 de la academia, [&hellip;]<\/p>","protected":false},"author":1,"featured_media":0,"parent":0,"menu_order":0,"comment_status":"closed","ping_status":"closed","template":"","meta":{"_uag_custom_page_level_css":"","site-sidebar-layout":"default","site-content-layout":"","ast-site-content-layout":"default","site-content-style":"default","site-sidebar-style":"default","ast-global-header-display":"","ast-banner-title-visibility":"","ast-main-header-display":"","ast-hfb-above-header-display":"","ast-hfb-below-header-display":"","ast-hfb-mobile-header-display":"","site-post-title":"disabled","ast-breadcrumbs-content":"","ast-featured-img":"","footer-sml-layout":"","theme-transparent-header-meta":"","adv-header-id-meta":"","stick-header-meta":"","header-above-stick-meta":"","header-main-stick-meta":"","header-below-stick-meta":"","astra-migrate-meta-layouts":"set","ast-page-background-enabled":"default","ast-page-background-meta":{"desktop":{"background-color":"var(--ast-global-color-4)","background-image":"","background-repeat":"repeat","background-position":"center center","background-size":"auto","background-attachment":"scroll","background-type":"","background-media":"","overlay-type":"","overlay-color":"","overlay-opacity":"","overlay-gradient":""},"tablet":{"background-color":"","background-image":"","background-repeat":"repeat","background-position":"center center","background-size":"auto","background-attachment":"scroll","background-type":"","background-media":"","overlay-type":"","overlay-color":"","overlay-opacity":"","overlay-gradient":""},"mobile":{"background-color":"","background-image":"","background-repeat":"repeat","background-position":"center center","background-size":"auto","background-attachment":"scroll","background-type":"","background-media":"","overlay-type":"","overlay-color":"","overlay-opacity":"","overlay-gradient":""}},"ast-content-background-meta":{"desktop":{"background-color":"var(--ast-global-color-5)","background-image":"","background-repeat":"repeat","background-position":"center center","background-size":"auto","background-attachment":"scroll","background-type":"","background-media":"","overlay-type":"","overlay-color":"","overlay-opacity":"","overlay-gradient":""},"tablet":{"background-color":"var(--ast-global-color-5)","background-image":"","background-repeat":"repeat","background-position":"center center","background-size":"auto","background-attachment":"scroll","background-type":"","background-media":"","overlay-type":"","overlay-color":"","overlay-opacity":"","overlay-gradient":""},"mobile":{"background-color":"var(--ast-global-color-5)","background-image":"","background-repeat":"repeat","background-position":"center center","background-size":"auto","background-attachment":"scroll","background-type":"","background-media":"","overlay-type":"","overlay-color":"","overlay-opacity":"","overlay-gradient":""}},"footnotes":""},"class_list":["post-2697","page","type-page","status-publish","hentry"],"uagb_featured_image_src":{"full":false,"thumbnail":false,"medium":false,"medium_large":false,"large":false,"1536x1536":false,"2048x2048":false,"trp-custom-language-flag":false},"uagb_author_info":{"display_name":"et.al.blog.2023@gmail.com","author_link":"https:\/\/etalblog.com\/en\/author\/et-al-blog-2023gmail-com\/"},"uagb_comment_info":0,"uagb_excerpt":"Proyecto Este no es solo un viaje, et al blog es un espacio para la comunicaci\u00f3n cient\u00edfica y la conservaci\u00f3n con impacto social, compartido de manera abierta y colaborativa, al estilo et al. Pero\u2026 \u00bfqu\u00e9 significa&nbsp;et al ? Enterate m\u00e1s aqu\u00ed \ud83d\udc49 \u00bfQu\u00e9 mostramos? Llevamos la ciencia y la conservaci\u00f3n m\u00e1s all\u00e1 de la academia,&hellip;","_links":{"self":[{"href":"https:\/\/etalblog.com\/en\/wp-json\/wp\/v2\/pages\/2697","targetHints":{"allow":["GET"]}}],"collection":[{"href":"https:\/\/etalblog.com\/en\/wp-json\/wp\/v2\/pages"}],"about":[{"href":"https:\/\/etalblog.com\/en\/wp-json\/wp\/v2\/types\/page"}],"author":[{"embeddable":true,"href":"https:\/\/etalblog.com\/en\/wp-json\/wp\/v2\/users\/1"}],"replies":[{"embeddable":true,"href":"https:\/\/etalblog.com\/en\/wp-json\/wp\/v2\/comments?post=2697"}],"version-history":[{"count":225,"href":"https:\/\/etalblog.com\/en\/wp-json\/wp\/v2\/pages\/2697\/revisions"}],"predecessor-version":[{"id":6886,"href":"https:\/\/etalblog.com\/en\/wp-json\/wp\/v2\/pages\/2697\/revisions\/6886"}],"wp:attachment":[{"href":"https:\/\/etalblog.com\/en\/wp-json\/wp\/v2\/media?parent=2697"}],"curies":[{"name":"wp","href":"https:\/\/api.w.org\/{rel}","templated":true}]}}