{"id":2710,"date":"2025-05-07T01:00:09","date_gmt":"2025-05-07T04:00:09","guid":{"rendered":"https:\/\/etalblog.com\/?page_id=2710"},"modified":"2025-08-15T12:53:41","modified_gmt":"2025-08-15T15:53:41","slug":"servicios","status":"publish","type":"page","link":"https:\/\/etalblog.com\/en\/servicios\/","title":{"rendered":"Service"},"content":{"rendered":"<div class=\"wp-block-uagb-container uagb-block-3ad17e27 alignwide uagb-is-root-container\">\n<div class=\"wp-block-uagb-advanced-heading uagb-block-8a1eebc0\"><h1 class=\"uagb-heading-text\"><strong>What services do we offer?<\/strong><\/h1><\/div>\n<\/div>\n\n\n\n<div class=\"wp-block-uagb-separator uagb-block-91a94118\"><div class=\"wp-block-uagb-separator__inner\" style=\"--my-background-image:\"><\/div><\/div>\n\n\n\n<div class=\"wp-block-uagb-container uagb-layout-grid uagb-block-f8ec2bd3 alignwide uagb-is-root-container\">\n<div class=\"wp-block-uagb-advanced-heading uagb-block-e874992d\"><h2 class=\"uagb-heading-text\">At <strong>et al blog<\/strong> we take science beyond academia. We propose a science without frontiers. We work to include it in real experiences, journeys, people, and questions that matter. <\/h2><\/div>\n\n\n\n<div class=\"wp-block-uagb-separator uagb-block-0b576cab\"><div class=\"uagb-separator-spacing-wrapper\"><div class=\"wp-block-uagb-separator__inner\" style=\"--my-background-image:\"><\/div><\/div><\/div>\n\n\n\n<div class=\"wp-block-uagb-advanced-heading uagb-block-dfb9f537\"><h2 class=\"uagb-heading-text\">If you have a project in progress, an idea to explore, or want to add a scientific perspective to what you do, we can help. Our services are designed to connect science and action in a clear, useful, and creative way. <\/h2><\/div>\n\n\n\n<p class=\"has-text-align-center\" style=\"border-style:none;border-width:0px;padding-top:var(--wp--preset--spacing--20);padding-bottom:var(--wp--preset--spacing--20);letter-spacing:1px\">\ud83d\udd2c <strong>Clear scientific advice<\/strong> <\/p>\n\n\n\n<p class=\"has-text-align-center\" style=\"border-style:none;border-width:0px;padding-top:var(--wp--preset--spacing--20);padding-bottom:var(--wp--preset--spacing--20);letter-spacing:1px\">\ud83d\udcca <strong>Data analysis that helps you make decisions<\/strong><\/p>\n\n\n\n<p class=\"has-text-align-center\" style=\"border-style:none;border-width:0px;padding-top:var(--wp--preset--spacing--20);padding-bottom:var(--wp--preset--spacing--20);letter-spacing:1px\">\ud83d\udde3\ufe0f <strong>Team training with focus<\/strong><\/p>\n\n\n\n<p class=\"has-text-align-center\" style=\"border-style:none;border-width:0px;padding-top:var(--wp--preset--spacing--20);padding-right:0;padding-bottom:var(--wp--preset--spacing--20);padding-left:0;letter-spacing:1px\">\ud83e\udeb6 <strong>Adventure guide with a scientific perspective<\/strong><\/p>\n\n\n\n<p class=\"has-text-align-center\" style=\"border-style:none;border-width:0px;padding-top:var(--wp--preset--spacing--20);padding-bottom:var(--wp--preset--spacing--20);letter-spacing:1px\">\ud83d\udcf7 <strong>Photographs and videos that elevate your project<\/strong><\/p>\n\n\n\n<p class=\"has-text-align-center\" style=\"border-style:none;border-width:0px;padding-top:var(--wp--preset--spacing--20);padding-bottom:var(--wp--preset--spacing--20);letter-spacing:1px\">\ud83e\udd1d <strong>Collaborations to do more and better<\/strong><\/p>\n\n\n\n<div class=\"wp-block-uagb-buttons uagb-buttons__outer-wrap uagb-btn__default-btn uagb-btn-tablet__default-btn uagb-btn-mobile__default-btn uagb-block-8cd05249\"><div class=\"uagb-buttons__wrap uagb-buttons-layout-wrap\">\n<div class=\"wp-block-uagb-buttons-child uagb-buttons__outer-wrap uagb-block-059c31c5 wp-block-button\"><div class=\"uagb-button__wrapper\"><a class=\"uagb-buttons-repeater wp-block-button__link\" aria-label=\"\" href=\"https:\/\/etalblog.com\/en\/contacto\/\" rel=\"follow noopener\" target=\"_blank\" role=\"button\"><div class=\"uagb-button__link\">Contact us<\/div><\/a><\/div><\/div>\n<\/div><\/div>\n\n\n\n<div class=\"wp-block-uagb-separator uagb-block-866fe326\"><div class=\"wp-block-uagb-separator__inner\" style=\"--my-background-image:\"><\/div><\/div>\n\n\n\n<div class=\"wp-block-uagb-image aligncenter uagb-block-2d710799 wp-block-uagb-image--layout-default wp-block-uagb-image--effect-static wp-block-uagb-image--align-center\"><figure class=\"wp-block-uagb-image__figure\"><img decoding=\"async\" srcset=\"https:\/\/etalblog.com\/wp-content\/uploads\/2025\/07\/FyE.hgris-2-1024x685.jpg ,https:\/\/etalblog.com\/wp-content\/uploads\/2025\/07\/FyE.hgris-2.jpg 780w, https:\/\/etalblog.com\/wp-content\/uploads\/2025\/07\/FyE.hgris-2.jpg 360w\" sizes=\"auto, (max-width: 480px) 150px\" src=\"https:\/\/etalblog.com\/wp-content\/uploads\/2025\/07\/FyE.hgris-2-1024x685.jpg\" alt=\"\" class=\"uag-image-5494\" width=\"1024\" height=\"685\" title=\"FyE.hgris 2\" loading=\"lazy\" role=\"img\"\/><\/figure><\/div>\n\n\n\n<div class=\"wp-block-uagb-container uagb-block-72514f6d\">\n<div class=\"wp-block-uagb-advanced-heading uagb-block-b317ae0b\"><h3 class=\"uagb-heading-text\"><strong>Our mission<\/strong><\/h3><p class=\"uagb-desc-text\">Taking science out of the laboratory and bringing it into real life: to the roads, people, and stories of America. We travel to connect knowledge with action, inspire curiosity, and make science accessible, human, and vibrant.<\/p><\/div>\n\n\n\n<div class=\"wp-block-uagb-advanced-heading uagb-block-3b00767d\"><h3 class=\"uagb-heading-text\"><strong>Our values<\/strong><\/h3><p class=\"uagb-desc-text\">We believe that science should be clear, creative, and collaborative. We work with purpose, learn along the way, and share our experience with honesty and passion, in the field, online, and in every meeting.<\/p><\/div>\n<\/div>\n<\/div>\n\n\n\n<div class=\"wp-block-uagb-separator uagb-block-cca776bc\"><div class=\"wp-block-uagb-separator__inner\" style=\"--my-background-image:\"><\/div><\/div>\n\n\n\n<div class=\"wp-block-uagb-container uagb-block-61e8ac2a alignwide uagb-is-root-container\">\n<div class=\"wp-block-uagb-info-box uagb-block-54aaf525 uagb-infobox__content-wrap  uagb-infobox-icon-above-title uagb-infobox-image-valign-top wp-block-uagb-info-box--has-margin\"><div class=\"uagb-infobox-margin-wrapper\"><div class=\"uagb-ifb-content\"><div class=\"uagb-ifb-title-wrap\"><h4 class=\"uagb-ifb-title\">\u201cLearning to look at the world through scientific eyes means opening yourself up to new ways of seeing, questioning, and connecting\u201d<\/h4><\/div><p class=\"uagb-ifb-desc\">(et al blog)<\/p><\/div><\/div><\/div>\n<\/div>\n\n\n\n<div class=\"wp-block-uagb-separator uagb-block-54566248\"><div class=\"wp-block-uagb-separator__inner\" style=\"--my-background-image:\"><\/div><\/div>\n\n\n\n<p><\/p>","protected":false},"excerpt":{"rendered":"<p>\u00bfQu\u00e9 servicios ofrecemos? En et al blog llevamos la ciencia m\u00e1s all\u00e1 de la academia. Proponemos una ciencia sin fronteras. Trabajamos para incluirla a experiencias reales, viajes, personas y preguntas que importan. Si ten\u00e9s un proyecto en marcha, una idea por explorar o quer\u00e9s sumar una mirada cient\u00edfica a lo que hac\u00e9s, podemos acompa\u00f1arte. Nuestros [&hellip;]<\/p>","protected":false},"author":1,"featured_media":0,"parent":0,"menu_order":0,"comment_status":"closed","ping_status":"closed","template":"","meta":{"_uag_custom_page_level_css":"","site-sidebar-layout":"default","site-content-layout":"","ast-site-content-layout":"default","site-content-style":"default","site-sidebar-style":"default","ast-global-header-display":"","ast-banner-title-visibility":"","ast-main-header-display":"","ast-hfb-above-header-display":"","ast-hfb-below-header-display":"","ast-hfb-mobile-header-display":"","site-post-title":"disabled","ast-breadcrumbs-content":"","ast-featured-img":"","footer-sml-layout":"","theme-transparent-header-meta":"","adv-header-id-meta":"","stick-header-meta":"","header-above-stick-meta":"","header-main-stick-meta":"","header-below-stick-meta":"","astra-migrate-meta-layouts":"set","ast-page-background-enabled":"default","ast-page-background-meta":{"desktop":{"background-color":"var(--ast-global-color-4)","background-image":"","background-repeat":"repeat","background-position":"center center","background-size":"auto","background-attachment":"scroll","background-type":"","background-media":"","overlay-type":"","overlay-color":"","overlay-opacity":"","overlay-gradient":""},"tablet":{"background-color":"","background-image":"","background-repeat":"repeat","background-position":"center center","background-size":"auto","background-attachment":"scroll","background-type":"","background-media":"","overlay-type":"","overlay-color":"","overlay-opacity":"","overlay-gradient":""},"mobile":{"background-color":"","background-image":"","background-repeat":"repeat","background-position":"center center","background-size":"auto","background-attachment":"scroll","background-type":"","background-media":"","overlay-type":"","overlay-color":"","overlay-opacity":"","overlay-gradient":""}},"ast-content-background-meta":{"desktop":{"background-color":"var(--ast-global-color-5)","background-image":"","background-repeat":"repeat","background-position":"center center","background-size":"auto","background-attachment":"scroll","background-type":"","background-media":"","overlay-type":"","overlay-color":"","overlay-opacity":"","overlay-gradient":""},"tablet":{"background-color":"var(--ast-global-color-5)","background-image":"","background-repeat":"repeat","background-position":"center center","background-size":"auto","background-attachment":"scroll","background-type":"","background-media":"","overlay-type":"","overlay-color":"","overlay-opacity":"","overlay-gradient":""},"mobile":{"background-color":"var(--ast-global-color-5)","background-image":"","background-repeat":"repeat","background-position":"center center","background-size":"auto","background-attachment":"scroll","background-type":"","background-media":"","overlay-type":"","overlay-color":"","overlay-opacity":"","overlay-gradient":""}},"footnotes":""},"class_list":["post-2710","page","type-page","status-publish","hentry"],"uagb_featured_image_src":{"full":false,"thumbnail":false,"medium":false,"medium_large":false,"large":false,"1536x1536":false,"2048x2048":false,"trp-custom-language-flag":false},"uagb_author_info":{"display_name":"et.al.blog.2023@gmail.com","author_link":"https:\/\/etalblog.com\/en\/author\/et-al-blog-2023gmail-com\/"},"uagb_comment_info":0,"uagb_excerpt":"\u00bfQu\u00e9 servicios ofrecemos? En et al blog llevamos la ciencia m\u00e1s all\u00e1 de la academia. Proponemos una ciencia sin fronteras. Trabajamos para incluirla a experiencias reales, viajes, personas y preguntas que importan. Si ten\u00e9s un proyecto en marcha, una idea por explorar o quer\u00e9s sumar una mirada cient\u00edfica a lo que hac\u00e9s, podemos acompa\u00f1arte. Nuestros&hellip;","_links":{"self":[{"href":"https:\/\/etalblog.com\/en\/wp-json\/wp\/v2\/pages\/2710","targetHints":{"allow":["GET"]}}],"collection":[{"href":"https:\/\/etalblog.com\/en\/wp-json\/wp\/v2\/pages"}],"about":[{"href":"https:\/\/etalblog.com\/en\/wp-json\/wp\/v2\/types\/page"}],"author":[{"embeddable":true,"href":"https:\/\/etalblog.com\/en\/wp-json\/wp\/v2\/users\/1"}],"replies":[{"embeddable":true,"href":"https:\/\/etalblog.com\/en\/wp-json\/wp\/v2\/comments?post=2710"}],"version-history":[{"count":104,"href":"https:\/\/etalblog.com\/en\/wp-json\/wp\/v2\/pages\/2710\/revisions"}],"predecessor-version":[{"id":6335,"href":"https:\/\/etalblog.com\/en\/wp-json\/wp\/v2\/pages\/2710\/revisions\/6335"}],"wp:attachment":[{"href":"https:\/\/etalblog.com\/en\/wp-json\/wp\/v2\/media?parent=2710"}],"curies":[{"name":"wp","href":"https:\/\/api.w.org\/{rel}","templated":true}]}}