{"id":2712,"date":"2025-05-06T01:00:38","date_gmt":"2025-05-06T04:00:38","guid":{"rendered":"https:\/\/etalblog.com\/?page_id=2712"},"modified":"2025-07-08T19:40:33","modified_gmt":"2025-07-08T22:40:33","slug":"recursos","status":"publish","type":"page","link":"https:\/\/etalblog.com\/en\/recursos\/","title":{"rendered":"Resources"},"content":{"rendered":"<div class=\"wp-block-uagb-container uagb-block-3ad17e27 alignwide uagb-is-root-container\">\n<div class=\"wp-block-uagb-advanced-heading uagb-block-8a1eebc0\"><h1 class=\"uagb-heading-text\"><strong>Resources<\/strong><\/h1><\/div>\n<\/div>\n\n\n\n<div class=\"wp-block-uagb-separator uagb-block-0b576cab\"><div class=\"uagb-separator-spacing-wrapper\"><div class=\"wp-block-uagb-separator__inner\" style=\"--my-background-image:\"><\/div><\/div><\/div>\n\n\n\n<div class=\"wp-block-uagb-container uagb-block-f8ec2bd3 alignfull uagb-is-root-container\">\n<div class=\"wp-block-uagb-advanced-heading uagb-block-e874992d\"><h4 class=\"uagb-heading-text\">Materials available to explore, learn, and share.<\/h4><\/div>\n<\/div>\n\n\n\n<div class=\"wp-block-uagb-separator uagb-block-4c91554c\"><div class=\"uagb-separator-spacing-wrapper\"><div class=\"wp-block-uagb-separator__inner\" style=\"--my-background-image:\"><\/div><\/div><\/div>\n\n\n\n<div class=\"wp-block-uagb-container uagb-block-cc032cbd default uagb-is-root-container\">\n<div class=\"wp-block-uagb-container uagb-block-7403c14a\">\n<div class=\"wp-block-uagb-icon-list uagb-block-7df67932\"><div class=\"uagb-icon-list__wrap\">\n<div class=\"wp-block-uagb-icon-list-child uagb-block-44eb0778\"><span class=\"uagb-icon-list__source-wrap\"><svg xmlns=\"https:\/\/www.w3.org\/2000\/svg\" viewbox=\"0 0 576 512\"><path d=\"M144.3 32.04C106.9 31.29 63.7 41.44 18.6 61.29c-11.42 5.026-18.6 16.67-18.6 29.15l0 357.6c0 11.55 11.99 19.55 22.45 14.65c126.3-59.14 219.8 11 223.8 14.01C249.1 478.9 252.5 480 256 480c12.4 0 16-11.38 16-15.98V80.04c0-5.203-2.531-10.08-6.781-13.08C263.3 65.58 216.7 33.35 144.3 32.04zM557.4 61.29c-45.11-19.79-88.48-29.61-125.7-29.26c-72.44 1.312-118.1 33.55-120.9 34.92C306.5 69.96 304 74.83 304 80.04v383.1C304 468.4 307.5 480 320 480c3.484 0 6.938-1.125 9.781-3.328c3.925-3.018 97.44-73.16 223.8-14c10.46 4.896 22.45-3.105 22.45-14.65l.0001-357.6C575.1 77.97 568.8 66.31 557.4 61.29z\"><\/path><\/svg><\/span><span class=\"uagb-icon-list__label\">From tutorials and courses to books, publications, and travel tips, everything we share here is designed to support you, inspire you, and contribute to your own projects.<\/span><\/div>\n\n\n\n<div class=\"wp-block-uagb-icon-list-child uagb-block-dbcc4796\"><span class=\"uagb-icon-list__source-wrap\"><svg xmlns=\"https:\/\/www.w3.org\/2000\/svg\" viewbox=\"0 0 448 512\"><path d=\"M364.2 83.8C339.8 59.39 300.2 59.39 275.8 83.8L91.8 267.8C49.71 309.9 49.71 378.1 91.8 420.2C133.9 462.3 202.1 462.3 244.2 420.2L396.2 268.2C407.1 257.3 424.9 257.3 435.8 268.2C446.7 279.1 446.7 296.9 435.8 307.8L283.8 459.8C219.8 523.8 116.2 523.8 52.2 459.8C-11.75 395.8-11.75 292.2 52.2 228.2L236.2 44.2C282.5-2.08 357.5-2.08 403.8 44.2C450.1 90.48 450.1 165.5 403.8 211.8L227.8 387.8C199.2 416.4 152.8 416.4 124.2 387.8C95.59 359.2 95.59 312.8 124.2 284.2L268.2 140.2C279.1 129.3 296.9 129.3 307.8 140.2C318.7 151.1 318.7 168.9 307.8 179.8L163.8 323.8C157.1 330.5 157.1 341.5 163.8 348.2C170.5 354.9 181.5 354.9 188.2 348.2L364.2 172.2C388.6 147.8 388.6 108.2 364.2 83.8V83.8z\"><\/path><\/svg><\/span><span class=\"uagb-icon-list__label\">In this section, we have gathered materials we believe are valuable for those who want to see the world with curious and scientific eyes. <\/span><\/div>\n\n\n\n<div class=\"wp-block-uagb-icon-list-child uagb-block-29a49730\"><span class=\"uagb-icon-list__source-wrap\"><svg xmlns=\"https:\/\/www.w3.org\/2000\/svg\" viewbox=\"0 0 640 512\"><path d=\"M224 256c70.7 0 128-57.31 128-128S294.7 0 224 0C153.3 0 96 57.31 96 128S153.3 256 224 256zM274.7 304H173.3C77.61 304 0 381.6 0 477.3C0 496.5 15.52 512 34.66 512h378.7C432.5 512 448 496.5 448 477.3C448 381.6 370.4 304 274.7 304zM616 200h-48v-48C568 138.8 557.3 128 544 128s-24 10.75-24 24v48h-48C458.8 200 448 210.8 448 224s10.75 24 24 24h48v48C520 309.3 530.8 320 544 320s24-10.75 24-24v-48h48C629.3 248 640 237.3 640 224S629.3 200 616 200z\"><\/path><\/svg><\/span><span class=\"uagb-icon-list__label\">You will find practical tools, inspiring ideas, and content created from firsthand travel and field experience.<\/span><\/div>\n\n\n\n<div class=\"wp-block-uagb-icon-list-child uagb-block-ef804aed\"><span class=\"uagb-icon-list__source-wrap\"><svg xmlns=\"https:\/\/www.w3.org\/2000\/svg\" viewbox=\"0 0 480 512\"><path d=\"M313.2 47.5c1.2-13 21.3-14 36.6-8.7 .9 .3 26.2 9.7 19 15.2-27.9-7.4-56.4 18.2-55.6-6.5zm-201 6.9c30.7-8.1 62 20 61.1-7.1-1.3-14.2-23.4-15.3-40.2-9.6-1 .3-28.7 10.5-20.9 16.7zM319.4 160c-8.8 0-16 7.2-16 16s7.2 16 16 16 16-7.2 16-16-7.2-16-16-16zm-159.7 0c-8.8 0-16 7.2-16 16s7.2 16 16 16 16-7.2 16-16-7.2-16-16-16zm318.5 163.2c-9.9 24-40.7 11-63.9-1.2-13.5 69.1-58.1 111.4-126.3 124.2 .3 .9-2-.1 24 1 33.6 1.4 63.8-3.1 97.4-8-19.8-13.8-11.4-37.1-9.8-38.1 1.4-.9 14.7 1.7 21.6 11.5 8.6-12.5 28.4-14.8 30.2-13.6 1.6 1.1 6.6 20.9-6.9 34.6 4.7-.9 8.2-1.6 9.8-2.1 2.6-.8 17.7 11.3 3.1 13.3-14.3 2.3-22.6 5.1-47.1 10.8-45.9 10.7-85.9 11.8-117.7 12.8l1 11.6c3.8 18.1-23.4 24.3-27.6 6.2 .8 17.9-27.1 21.8-28.4-1l-.5 5.3c-.7 18.4-28.4 17.9-28.3-.6-7.5 13.5-28.1 6.8-26.4-8.5l1.2-12.4c-36.7 .9-59.7 3.1-61.8 3.1-20.9 0-20.9-31.6 0-31.6 2.4 0 27.7 1.3 63.2 2.8-61.1-15.5-103.7-55-114.9-118.2-25 12.8-57.5 26.8-68.2 .8-10.5-25.4 21.5-42.6 66.8-73.4 .7-6.6 1.6-13.3 2.7-19.8-14.4-19.6-11.6-36.3-16.1-60.4-16.8 2.4-23.2-9.1-23.6-23.1 .3-7.3 2.1-14.9 2.4-15.4 1.1-1.8 10.1-2 12.7-2.6 6-31.7 50.6-33.2 90.9-34.5 19.7-21.8 45.2-41.5 80.9-48.3C203.3 29 215.2 8.5 216.2 8c1.7-.8 21.2 4.3 26.3 23.2 5.2-8.8 18.3-11.4 19.6-10.7 1.1 .6 6.4 15-4.9 25.9 40.3 3.5 72.2 24.7 96 50.7 36.1 1.5 71.8 5.9 77.1 34 2.7 .6 11.6 .8 12.7 2.6 .3 .5 2.1 8.1 2.4 15.4-.5 13.9-6.8 25.4-23.6 23.1-3.2 17.3-2.7 32.9-8.7 47.7 2.4 11.7 4 23.8 4.8 36.4 37 25.4 70.3 42.5 60.3 66.9zM207.4 159.9c.9-44-37.9-42.2-78.6-40.3-21.7 1-38.9 1.9-45.5 13.9-11.4 20.9 5.9 92.9 23.2 101.2 9.8 4.7 73.4 7.9 86.3-7.1 8.2-9.4 15-49.4 14.6-67.7zm52 58.3c-4.3-12.4-6-30.1-15.3-32.7-2-.5-9-.5-11 0-10 2.8-10.8 22.1-17 37.2 15.4 0 19.3 9.7 23.7 9.7 4.3 0 6.3-11.3 19.6-14.2zm135.7-84.7c-6.6-12.1-24.8-12.9-46.5-13.9-40.2-1.9-78.2-3.8-77.3 40.3-.5 18.3 5 58.3 13.2 67.8 13 14.9 76.6 11.8 86.3 7.1 15.8-7.6 36.5-78.9 24.3-101.3z\"><\/path><\/svg><\/span><span class=\"uagb-icon-list__label\">All photographs and videos in this blog that depict the handling of wildlife were obtained under valid official permits, following strict protocols of ethics and animal welfare, and carried out by trained and authorized personnel for such activities.<\/span><\/div>\n<\/div><\/div>\n<\/div>\n<\/div>\n\n\n\n<div class=\"wp-block-uagb-separator uagb-block-6f0820c6\"><div class=\"uagb-separator-spacing-wrapper\"><div class=\"wp-block-uagb-separator__inner\" style=\"--my-background-image:\"><\/div><\/div><\/div>\n\n\n\n<div class=\"wp-block-uagb-container uagb-block-4a8e1942 alignfull uagb-is-root-container\"><div class=\"uagb-container-inner-blocks-wrap\">\n<div class=\"wp-block-uagb-container uagb-block-c988f562\">\n<div class=\"wp-block-uagb-image alignleft uagb-block-a35d235b wp-block-uagb-image--layout-default wp-block-uagb-image--effect-static wp-block-uagb-image--align-left\"><figure class=\"wp-block-uagb-image__figure\"><img decoding=\"async\" srcset=\"https:\/\/etalblog.com\/wp-content\/uploads\/2025\/07\/IMG_1448-2-768x1024.jpg ,https:\/\/etalblog.com\/wp-content\/uploads\/2025\/07\/IMG_1448-2-scaled.jpg 780w, https:\/\/etalblog.com\/wp-content\/uploads\/2025\/07\/IMG_1448-2-scaled.jpg 360w\" sizes=\"auto, (max-width: 480px) 150px\" src=\"https:\/\/etalblog.com\/wp-content\/uploads\/2025\/07\/IMG_1448-2-768x1024.jpg\" alt=\"\" class=\"uag-image-5373\" width=\"373\" height=\"464\" title=\"IMG_1448\" loading=\"lazy\" role=\"img\"\/><\/figure><\/div>\n\n\n\n<div class=\"wp-block-uagb-advanced-heading uagb-block-b07219d5\"><h3 class=\"uagb-heading-text\"><strong>Scientific publications<\/strong><\/h3><p class=\"uagb-desc-text\">The results of our questions are reflected in scientific articles. We understand publications as part of a process that includes the co-creation of knowledge, critical reflection, and a commitment to making science accessible.<\/p><\/div>\n\n\n\n<p class=\"has-text-align-center has-ast-global-color-1-color has-text-color has-link-color wp-elements-7ad54e5d26a9442c588e4ae8a1ffb8a9\">\ud83d\udc47 Discover our articles \ud83d\udc47<\/p>\n\n\n\n<div class=\"wp-block-uagb-buttons uagb-buttons__outer-wrap uagb-btn__default-btn uagb-btn-tablet__default-btn uagb-btn-mobile__default-btn uagb-block-ff735e08\"><div class=\"uagb-buttons__wrap uagb-buttons-layout-wrap\">\n<div class=\"wp-block-uagb-buttons-child uagb-buttons__outer-wrap uagb-block-fa968f9c wp-block-button\"><div class=\"uagb-button__wrapper\"><a class=\"uagb-buttons-repeater wp-block-button__link\" aria-label=\"\" href=\"https:\/\/etalblog.com\/en\/publicaciones-cientificas\/\" rel=\"follow noopener\" target=\"_blank\" role=\"button\"><div class=\"uagb-button__link\">Scientific publications<\/div><\/a><\/div><\/div>\n<\/div><\/div>\n<\/div>\n\n\n\n<div class=\"wp-block-uagb-container uagb-block-0ad6ff4e\">\n<div class=\"wp-block-uagb-image alignleft uagb-block-930d8e85 wp-block-uagb-image--layout-default wp-block-uagb-image--effect-static wp-block-uagb-image--align-left\"><figure class=\"wp-block-uagb-image__figure\"><img decoding=\"async\" srcset=\"https:\/\/etalblog.com\/wp-content\/uploads\/2025\/07\/IMG-20210306-WA0049-768x1024.jpg ,https:\/\/etalblog.com\/wp-content\/uploads\/2025\/07\/IMG-20210306-WA0049.jpg 780w, https:\/\/etalblog.com\/wp-content\/uploads\/2025\/07\/IMG-20210306-WA0049.jpg 360w\" sizes=\"auto, (max-width: 480px) 150px\" src=\"https:\/\/etalblog.com\/wp-content\/uploads\/2025\/07\/IMG-20210306-WA0049-768x1024.jpg\" alt=\"\" class=\"uag-image-5372\" width=\"373\" height=\"464\" title=\"IMG-20210306-WA0049\" loading=\"lazy\" role=\"img\"\/><\/figure><\/div>\n\n\n\n<div class=\"wp-block-uagb-advanced-heading uagb-block-3974de5a\"><h3 class=\"uagb-heading-text\"><strong><strong>AviAnecdotes<\/strong><\/strong><\/h3><p class=\"uagb-desc-text\">A collective production of experiences with birds, from scientific experiences to unforgettable moments. AviAnecdotes celebrates how looking at the natural world can change and connect us through short stories.<\/p><\/div>\n\n\n\n<p class=\"has-text-align-center has-ast-global-color-1-color has-text-color has-link-color wp-elements-112484b5baf783bab584f9909d6dc84e\">\ud83d\udc47 Get to know this idea\ud83d\udc47<\/p>\n\n\n\n<div class=\"wp-block-uagb-buttons uagb-buttons__outer-wrap uagb-btn__default-btn uagb-btn-tablet__default-btn uagb-btn-mobile__default-btn uagb-block-4ed5e134\"><div class=\"uagb-buttons__wrap uagb-buttons-layout-wrap\">\n<div class=\"wp-block-uagb-buttons-child uagb-buttons__outer-wrap uagb-block-7568f44f wp-block-button\"><div class=\"uagb-button__wrapper\"><a class=\"uagb-buttons-repeater wp-block-button__link\" aria-label=\"\" href=\"https:\/\/etalblog.com\/en\/avianecdotas\/\" rel=\"follow noopener\" target=\"_blank\" role=\"button\"><div class=\"uagb-button__link\">AviAnecdotes<\/div><\/a><\/div><\/div>\n<\/div><\/div>\n<\/div>\n\n\n\n<div class=\"wp-block-uagb-container uagb-block-48a31e6a\">\n<div class=\"wp-block-uagb-image alignleft uagb-block-2675d6b0 wp-block-uagb-image--layout-default wp-block-uagb-image--effect-static wp-block-uagb-image--align-left\"><figure class=\"wp-block-uagb-image__figure\"><img decoding=\"async\" srcset=\"https:\/\/etalblog.com\/wp-content\/uploads\/2025\/07\/20240710_133111-1-768x1024.jpg ,https:\/\/etalblog.com\/wp-content\/uploads\/2025\/07\/20240710_133111-1-scaled.jpg 780w, https:\/\/etalblog.com\/wp-content\/uploads\/2025\/07\/20240710_133111-1-scaled.jpg 360w\" sizes=\"auto, (max-width: 480px) 150px\" src=\"https:\/\/etalblog.com\/wp-content\/uploads\/2025\/07\/20240710_133111-1-768x1024.jpg\" alt=\"\" class=\"uag-image-5370\" width=\"373\" height=\"464\" title=\"20240710_133111\" loading=\"lazy\" role=\"img\"\/><\/figure><\/div>\n\n\n\n<div class=\"wp-block-uagb-advanced-heading uagb-block-8f982c10\"><h3 class=\"uagb-heading-text\"><strong>Gallery<\/strong><\/h3><p class=\"uagb-desc-text\">We document the entire journey across the Americas, from north to south through videos and photos. We share this great adventure where each stop can be a field station, an open classroom or a meeting point.<\/p><\/div>\n\n\n\n<p class=\"has-text-align-center has-ast-global-color-1-color has-text-color has-link-color wp-elements-0a268c37506aa929e8a4d7003a7e855d\">\ud83d\udc47 Found more\ud83d\udc47<\/p>\n\n\n\n<div class=\"wp-block-uagb-buttons uagb-buttons__outer-wrap uagb-btn__default-btn uagb-btn-tablet__default-btn uagb-btn-mobile__default-btn uagb-block-c8723dcf\"><div class=\"uagb-buttons__wrap uagb-buttons-layout-wrap\">\n<div class=\"wp-block-uagb-buttons-child uagb-buttons__outer-wrap uagb-block-2e23583b wp-block-button\"><div class=\"uagb-button__wrapper\"><a class=\"uagb-buttons-repeater wp-block-button__link\" aria-label=\"\" href=\"https:\/\/etalblog.com\/en\/galeria\/\" rel=\"follow noopener\" target=\"_blank\" role=\"button\"><div class=\"uagb-button__link\">Gallery<\/div><\/a><\/div><\/div>\n<\/div><\/div>\n<\/div>\n<\/div><\/div>\n\n\n\n<div class=\"wp-block-uagb-separator uagb-block-8ae0bc3d\"><div class=\"uagb-separator-spacing-wrapper\"><div class=\"wp-block-uagb-separator__inner\" style=\"--my-background-image:\"><\/div><\/div><\/div>\n\n\n\n<p><\/p>","protected":false},"excerpt":{"rendered":"<p>Recursos Material disponible para explorar, aprender y compartir. Publicaci\u00f3nes cient\u00edficas Los resultados de nuestras preguntas se reflejan en art\u00edculos cient\u00edficos. Entendemos las publicaciones como parte de un proceso que incluye la co-creaci\u00f3n de conocimiento, la reflexi\u00f3n cr\u00edtica y el compromiso de hacer ciencia accesible. \ud83d\udc47 Descubre nuestos art\u00edculos \ud83d\udc47 AviAn\u00e9cdotas Una producci\u00f3n colectiva de vivencias [&hellip;]<\/p>","protected":false},"author":1,"featured_media":0,"parent":0,"menu_order":0,"comment_status":"closed","ping_status":"closed","template":"","meta":{"_uag_custom_page_level_css":"","site-sidebar-layout":"default","site-content-layout":"","ast-site-content-layout":"default","site-content-style":"default","site-sidebar-style":"default","ast-global-header-display":"","ast-banner-title-visibility":"","ast-main-header-display":"","ast-hfb-above-header-display":"","ast-hfb-below-header-display":"","ast-hfb-mobile-header-display":"","site-post-title":"disabled","ast-breadcrumbs-content":"","ast-featured-img":"","footer-sml-layout":"","theme-transparent-header-meta":"","adv-header-id-meta":"","stick-header-meta":"","header-above-stick-meta":"","header-main-stick-meta":"","header-below-stick-meta":"","astra-migrate-meta-layouts":"set","ast-page-background-enabled":"default","ast-page-background-meta":{"desktop":{"background-color":"var(--ast-global-color-4)","background-image":"","background-repeat":"repeat","background-position":"center center","background-size":"auto","background-attachment":"scroll","background-type":"","background-media":"","overlay-type":"","overlay-color":"","overlay-opacity":"","overlay-gradient":""},"tablet":{"background-color":"","background-image":"","background-repeat":"repeat","background-position":"center center","background-size":"auto","background-attachment":"scroll","background-type":"","background-media":"","overlay-type":"","overlay-color":"","overlay-opacity":"","overlay-gradient":""},"mobile":{"background-color":"","background-image":"","background-repeat":"repeat","background-position":"center center","background-size":"auto","background-attachment":"scroll","background-type":"","background-media":"","overlay-type":"","overlay-color":"","overlay-opacity":"","overlay-gradient":""}},"ast-content-background-meta":{"desktop":{"background-color":"var(--ast-global-color-5)","background-image":"","background-repeat":"repeat","background-position":"center center","background-size":"auto","background-attachment":"scroll","background-type":"","background-media":"","overlay-type":"","overlay-color":"","overlay-opacity":"","overlay-gradient":""},"tablet":{"background-color":"var(--ast-global-color-5)","background-image":"","background-repeat":"repeat","background-position":"center center","background-size":"auto","background-attachment":"scroll","background-type":"","background-media":"","overlay-type":"","overlay-color":"","overlay-opacity":"","overlay-gradient":""},"mobile":{"background-color":"var(--ast-global-color-5)","background-image":"","background-repeat":"repeat","background-position":"center center","background-size":"auto","background-attachment":"scroll","background-type":"","background-media":"","overlay-type":"","overlay-color":"","overlay-opacity":"","overlay-gradient":""}},"footnotes":""},"class_list":["post-2712","page","type-page","status-publish","hentry"],"uagb_featured_image_src":{"full":false,"thumbnail":false,"medium":false,"medium_large":false,"large":false,"1536x1536":false,"2048x2048":false,"trp-custom-language-flag":false},"uagb_author_info":{"display_name":"et.al.blog.2023@gmail.com","author_link":"https:\/\/etalblog.com\/en\/author\/et-al-blog-2023gmail-com\/"},"uagb_comment_info":0,"uagb_excerpt":"Recursos Material disponible para explorar, aprender y compartir. Publicaci\u00f3nes cient\u00edficas Los resultados de nuestras preguntas se reflejan en art\u00edculos cient\u00edficos. Entendemos las publicaciones como parte de un proceso que incluye la co-creaci\u00f3n de conocimiento, la reflexi\u00f3n cr\u00edtica y el compromiso de hacer ciencia accesible. \ud83d\udc47 Descubre nuestos art\u00edculos \ud83d\udc47 AviAn\u00e9cdotas Una producci\u00f3n colectiva de vivencias&hellip;","_links":{"self":[{"href":"https:\/\/etalblog.com\/en\/wp-json\/wp\/v2\/pages\/2712","targetHints":{"allow":["GET"]}}],"collection":[{"href":"https:\/\/etalblog.com\/en\/wp-json\/wp\/v2\/pages"}],"about":[{"href":"https:\/\/etalblog.com\/en\/wp-json\/wp\/v2\/types\/page"}],"author":[{"embeddable":true,"href":"https:\/\/etalblog.com\/en\/wp-json\/wp\/v2\/users\/1"}],"replies":[{"embeddable":true,"href":"https:\/\/etalblog.com\/en\/wp-json\/wp\/v2\/comments?post=2712"}],"version-history":[{"count":73,"href":"https:\/\/etalblog.com\/en\/wp-json\/wp\/v2\/pages\/2712\/revisions"}],"predecessor-version":[{"id":5731,"href":"https:\/\/etalblog.com\/en\/wp-json\/wp\/v2\/pages\/2712\/revisions\/5731"}],"wp:attachment":[{"href":"https:\/\/etalblog.com\/en\/wp-json\/wp\/v2\/media?parent=2712"}],"curies":[{"name":"wp","href":"https:\/\/api.w.org\/{rel}","templated":true}]}}