{"id":4200,"date":"2025-05-06T03:00:57","date_gmt":"2025-05-06T06:00:57","guid":{"rendered":"https:\/\/etalblog.com\/?page_id=4200"},"modified":"2025-08-07T12:49:40","modified_gmt":"2025-08-07T15:49:40","slug":"avianecdotas","status":"publish","type":"page","link":"https:\/\/etalblog.com\/en\/recursos\/avianecdotas\/","title":{"rendered":"AviAnecdotes"},"content":{"rendered":"<div class=\"wp-block-uagb-container uagb-block-3ad17e27 alignwide uagb-is-root-container\">\n<div class=\"wp-block-uagb-advanced-heading uagb-block-8a1eebc0\"><h1 class=\"uagb-heading-text\"><strong>AviAnecdotes<\/strong><\/h1><\/div>\n<\/div>\n\n\n\n<div class=\"wp-block-uagb-separator uagb-block-c12f8996\"><div class=\"uagb-separator-spacing-wrapper\"><div class=\"wp-block-uagb-separator__inner\" style=\"--my-background-image:\"><\/div><\/div><\/div>\n\n\n\n<div class=\"wp-block-uagb-container uagb-block-f8ec2bd3 alignfull uagb-is-root-container\">\n<div class=\"wp-block-uagb-advanced-heading uagb-block-e874992d\"><h2 class=\"uagb-heading-text\">\ud83d\udcda<strong> 100 stories, 1 shared passion: birds<\/strong><\/h2><\/div>\n<\/div>\n\n\n\n<div class=\"wp-block-uagb-separator uagb-block-4eaa2759\"><div class=\"uagb-separator-spacing-wrapper\"><div class=\"wp-block-uagb-separator__inner\" style=\"--my-background-image:\"><\/div><\/div><\/div>\n\n\n\n<div class=\"wp-block-uagb-advanced-heading uagb-block-776d07ac\"><h2 class=\"uagb-heading-text\"><strong>AviAnecdotes<\/strong> it\u2019s a collaborative project that brings together short stories about transformative encounters with birds. From scientific records to inspiring moments, each story shows how observing nature can leave a lasting impact.<\/h2><\/div>\n\n\n\n<p class=\"has-text-align-center\">\ud83d\udcd6 Do you have a story to share?<\/p>\n\n\n\n<div class=\"wp-block-uagb-advanced-heading uagb-block-9c473d83\"><h2 class=\"uagb-heading-text\">\"After three days of searching, the  Swallow-tailed Manakin finally sang just a few meters from the hide\"<br>\u201cI could not believe it: the Harpy Eagle flew right above me, majestic and silent\u201d<br>\u201cI thought seeing penguins in the wild was a distant dream\u2026 until one walked between my boots\u201d<br>He appeared silently over the carrion, and the others moved aside\u2026 they knew who was in charge, the King Vulture\u201d<br>\u201cI just went to take out the trash and ended up watching a Magallanic Woodpecker in the tree across the street\u201d<br>\u201cI never thought a hummingbird could stay still, looking me in the eyes\u201d<br>\u201cIt looked like a white sculpture on the post\u2026 until it turned its head, and I knew it was real \u2014 a Snowy Owl!\u201d<\/h2><\/div>\n\n\n\n<div class=\"wp-block-uagb-advanced-heading uagb-block-86bafc24\"><h2 class=\"uagb-heading-text\">\ud83d\udc47 Chat with us \ud83d\udc47<\/h2><\/div>\n\n\n\n<div class=\"wp-block-uagb-container uagb-block-42226e3c default uagb-is-root-container\">\n<div class=\"wp-block-uagb-container uagb-block-1f4f0b93\">\n<div class=\"wp-block-uagb-buttons uagb-buttons__outer-wrap uagb-btn__default-btn uagb-btn-tablet__default-btn uagb-btn-mobile__default-btn uagb-block-86aa7f3c\"><div class=\"uagb-buttons__wrap uagb-buttons-layout-wrap\">\n<div class=\"wp-block-uagb-buttons-child uagb-buttons__outer-wrap uagb-block-dad35494 wp-block-button\"><div class=\"uagb-button__wrapper\"><a class=\"uagb-buttons-repeater wp-block-button__link\" aria-label=\"\" href=\"https:\/\/etalblog.com\/en\/contacto\/\" rel=\"follow noopener\" target=\"_blank\" role=\"button\"><div class=\"uagb-button__link\">Contact<\/div><\/a><\/div><\/div>\n<\/div><\/div>\n<\/div>\n<\/div>\n\n\n\n<div class=\"wp-block-uagb-separator uagb-block-f3cf923d\"><div class=\"uagb-separator-spacing-wrapper\"><div class=\"wp-block-uagb-separator__inner\" style=\"--my-background-image:\"><\/div><\/div><\/div>\n\n\n\n<p><\/p>","protected":false},"excerpt":{"rendered":"<p>AviAn\u00e9cdotas \ud83d\udcda 100 historias, 1 pasi\u00f3n compartida: las aves AviAn\u00e9cdotas es un proyecto colaborativo que re\u00fane relatos breves sobre encuentros transformadores con aves. Desde registros cient\u00edficos hasta momentos inspiradores, cada historia muestra c\u00f3mo la observaci\u00f3n de la naturaleza puede dejar huellas profundas. \ud83d\udcd6 \u00bfTen\u00e9s una an\u00e9cdota para contar? &#8220;Despu\u00e9s de tres d\u00edas de b\u00fasqueda, finalmente [&hellip;]<\/p>","protected":false},"author":2,"featured_media":0,"parent":2712,"menu_order":0,"comment_status":"closed","ping_status":"closed","template":"","meta":{"_uag_custom_page_level_css":"","site-sidebar-layout":"default","site-content-layout":"","ast-site-content-layout":"default","site-content-style":"default","site-sidebar-style":"default","ast-global-header-display":"","ast-banner-title-visibility":"","ast-main-header-display":"","ast-hfb-above-header-display":"","ast-hfb-below-header-display":"","ast-hfb-mobile-header-display":"","site-post-title":"disabled","ast-breadcrumbs-content":"","ast-featured-img":"","footer-sml-layout":"","theme-transparent-header-meta":"","adv-header-id-meta":"","stick-header-meta":"","header-above-stick-meta":"","header-main-stick-meta":"","header-below-stick-meta":"","astra-migrate-meta-layouts":"set","ast-page-background-enabled":"default","ast-page-background-meta":{"desktop":{"background-color":"var(--ast-global-color-4)","background-image":"","background-repeat":"repeat","background-position":"center center","background-size":"auto","background-attachment":"scroll","background-type":"","background-media":"","overlay-type":"","overlay-color":"","overlay-opacity":"","overlay-gradient":""},"tablet":{"background-color":"","background-image":"","background-repeat":"repeat","background-position":"center center","background-size":"auto","background-attachment":"scroll","background-type":"","background-media":"","overlay-type":"","overlay-color":"","overlay-opacity":"","overlay-gradient":""},"mobile":{"background-color":"","background-image":"","background-repeat":"repeat","background-position":"center center","background-size":"auto","background-attachment":"scroll","background-type":"","background-media":"","overlay-type":"","overlay-color":"","overlay-opacity":"","overlay-gradient":""}},"ast-content-background-meta":{"desktop":{"background-color":"var(--ast-global-color-5)","background-image":"","background-repeat":"repeat","background-position":"center center","background-size":"auto","background-attachment":"scroll","background-type":"","background-media":"","overlay-type":"","overlay-color":"","overlay-opacity":"","overlay-gradient":""},"tablet":{"background-color":"var(--ast-global-color-5)","background-image":"","background-repeat":"repeat","background-position":"center center","background-size":"auto","background-attachment":"scroll","background-type":"","background-media":"","overlay-type":"","overlay-color":"","overlay-opacity":"","overlay-gradient":""},"mobile":{"background-color":"var(--ast-global-color-5)","background-image":"","background-repeat":"repeat","background-position":"center center","background-size":"auto","background-attachment":"scroll","background-type":"","background-media":"","overlay-type":"","overlay-color":"","overlay-opacity":"","overlay-gradient":""}},"footnotes":""},"class_list":["post-4200","page","type-page","status-publish","hentry"],"uagb_featured_image_src":{"full":false,"thumbnail":false,"medium":false,"medium_large":false,"large":false,"1536x1536":false,"2048x2048":false,"trp-custom-language-flag":false},"uagb_author_info":{"display_name":"Fer Lopez","author_link":"https:\/\/etalblog.com\/en\/author\/fer\/"},"uagb_comment_info":0,"uagb_excerpt":"AviAn\u00e9cdotas \ud83d\udcda 100 historias, 1 pasi\u00f3n compartida: las aves AviAn\u00e9cdotas es un proyecto colaborativo que re\u00fane relatos breves sobre encuentros transformadores con aves. Desde registros cient\u00edficos hasta momentos inspiradores, cada historia muestra c\u00f3mo la observaci\u00f3n de la naturaleza puede dejar huellas profundas. \ud83d\udcd6 \u00bfTen\u00e9s una an\u00e9cdota para contar? &#8220;Despu\u00e9s de tres d\u00edas de b\u00fasqueda, finalmente&hellip;","_links":{"self":[{"href":"https:\/\/etalblog.com\/en\/wp-json\/wp\/v2\/pages\/4200","targetHints":{"allow":["GET"]}}],"collection":[{"href":"https:\/\/etalblog.com\/en\/wp-json\/wp\/v2\/pages"}],"about":[{"href":"https:\/\/etalblog.com\/en\/wp-json\/wp\/v2\/types\/page"}],"author":[{"embeddable":true,"href":"https:\/\/etalblog.com\/en\/wp-json\/wp\/v2\/users\/2"}],"replies":[{"embeddable":true,"href":"https:\/\/etalblog.com\/en\/wp-json\/wp\/v2\/comments?post=4200"}],"version-history":[{"count":71,"href":"https:\/\/etalblog.com\/en\/wp-json\/wp\/v2\/pages\/4200\/revisions"}],"predecessor-version":[{"id":5757,"href":"https:\/\/etalblog.com\/en\/wp-json\/wp\/v2\/pages\/4200\/revisions\/5757"}],"up":[{"embeddable":true,"href":"https:\/\/etalblog.com\/en\/wp-json\/wp\/v2\/pages\/2712"}],"wp:attachment":[{"href":"https:\/\/etalblog.com\/en\/wp-json\/wp\/v2\/media?parent=4200"}],"curies":[{"name":"wp","href":"https:\/\/api.w.org\/{rel}","templated":true}]}}